{"id":331,"date":"2016-10-18T03:18:31","date_gmt":"2016-10-18T03:18:31","guid":{"rendered":"http:\/\/webde.pro\/ke\/kontakt\/?lang=ru"},"modified":"2026-03-31T12:18:55","modified_gmt":"2026-03-31T12:18:55","slug":"kontakt","status":"publish","type":"page","link":"https:\/\/kaubaekspress.ee\/ru\/kontakt\/","title":{"rendered":"\u041a\u043e\u043d\u0442\u0430\u043a\u0442"},"content":{"rendered":"\n<div class=\"wp-block-uagb-advanced-heading uagb-block-70141283\"><h2 class=\"uagb-heading-text\">\u041e\u0442\u0434\u0435\u043b\u0435\u043d\u0438\u044f<\/h2><div class=\"uagb-separator\"><\/div><\/div>\n\n\n\n<div class=\"wp-block-uagb-container uagb-block-362f95d5 alignfull uagb-is-root-container\"><div class=\"uagb-container-inner-blocks-wrap\">\n<div class=\"wp-block-uagb-container uagb-block-b901f703\">\t\t\t<div \n\t\t\tclass=\"wp-block-uagb-google-map uagb-google-map__wrap uagb-block-33a53cda     \"\n\t\t\tstyle=\"\" >\n\t\t\t\t<embed\n\t\t\t\t\tclass=\"uagb-google-map__iframe\"\n\t\t\t\t\ttitle=\"\u041a\u0430\u0440\u0442\u0430 Google \u0434\u043b\u044f \"\n\t\t\t\t\tsrc=\"https:\/\/maps.google.com\/maps?q=P%C3%B5ikm%C3%A4e%202%2C%20T%C3%A4nassilma%20%20Harjumaa%2C%2076406&#038;z=15&#038;hl=et&#038;t=m&#038;output=embed&#038;iwloc=near\"\n\t\t\t\t\twidth=\"640\"\n\t\t\t\t\theight=\"250\"\n\t\t\t\t\tloading=\"lazy\"\n\t\t\t\t><\/embed>\n\t\t\t<\/div>\n\t\t\t\n\n\n<div class=\"wp-block-uagb-advanced-heading uagb-block-1363f8de\"><h2 class=\"uagb-heading-text\">Tallinn<\/h2><\/div>\n\n\n\n<p class=\"has-text-align-center\">P\u00f5ikm\u00e4e 2, T\u00e4nassilma, Harjumaa, 76406<\/p>\n<\/div>\n\n\n\n<div class=\"wp-block-uagb-container uagb-block-b302be48\">\t\t\t<div \n\t\t\tclass=\"wp-block-uagb-google-map uagb-google-map__wrap uagb-block-0afd7e2e     \"\n\t\t\tstyle=\"\" >\n\t\t\t\t<embed\n\t\t\t\t\tclass=\"uagb-google-map__iframe\"\n\t\t\t\t\ttitle=\"\u041a\u0430\u0440\u0442\u0430 Google \u0434\u043b\u044f \"\n\t\t\t\t\tsrc=\"https:\/\/maps.google.com\/maps?q=Vinkli%203%2C%20Tartu%2051014%2C%20Tartumaa&#038;z=15&#038;hl=et&#038;t=m&#038;output=embed&#038;iwloc=near\"\n\t\t\t\t\twidth=\"640\"\n\t\t\t\t\theight=\"250\"\n\t\t\t\t\tloading=\"lazy\"\n\t\t\t\t><\/embed>\n\t\t\t<\/div>\n\t\t\t\n\n\n<div class=\"wp-block-uagb-advanced-heading uagb-block-2fe0db6b\"><h2 class=\"uagb-heading-text\">Tartu<\/h2><\/div>\n\n\n\n<p class=\"has-text-align-center\">Vinkli 3, Tartu 51014, Tartumaa<\/p>\n<\/div>\n<\/div><\/div>\n\n\n\n<div class=\"wp-block-uagb-container uagb-block-88bb7b2f alignfull uagb-is-root-container\"><div class=\"uagb-container-inner-blocks-wrap\">\n<div class=\"wp-block-uagb-container uagb-block-f9b81fce\">\t\t\t<div \n\t\t\tclass=\"wp-block-uagb-google-map uagb-google-map__wrap uagb-block-c8822052     \"\n\t\t\tstyle=\"\" >\n\t\t\t\t<embed\n\t\t\t\t\tclass=\"uagb-google-map__iframe\"\n\t\t\t\t\ttitle=\"\u041a\u0430\u0440\u0442\u0430 Google \u0434\u043b\u044f \"\n\t\t\t\t\tsrc=\"https:\/\/maps.google.com\/maps?q=Savi%2020l%2C%20P%C3%A4rnu%2C%20P%C3%A4rnumaa&#038;z=15&#038;hl=et&#038;t=m&#038;output=embed&#038;iwloc=near\"\n\t\t\t\t\twidth=\"640\"\n\t\t\t\t\theight=\"250\"\n\t\t\t\t\tloading=\"lazy\"\n\t\t\t\t><\/embed>\n\t\t\t<\/div>\n\t\t\t\n\n\n<div class=\"wp-block-uagb-advanced-heading uagb-block-b4032faf\"><h2 class=\"uagb-heading-text\">P\u00e4rnu<\/h2><\/div>\n\n\n\n<p class=\"has-text-align-center\">Savi 20l, P\u00e4rnu, P\u00e4rnumaa<\/p>\n<\/div>\n\n\n\n<div class=\"wp-block-uagb-container uagb-block-b1f4c450\">\t\t\t<div \n\t\t\tclass=\"wp-block-uagb-google-map uagb-google-map__wrap uagb-block-7a5f7b87     \"\n\t\t\tstyle=\"\" >\n\t\t\t\t<embed\n\t\t\t\t\tclass=\"uagb-google-map__iframe\"\n\t\t\t\t\ttitle=\"\u041a\u0430\u0440\u0442\u0430 Google \u0434\u043b\u044f \"\n\t\t\t\t\tsrc=\"https:\/\/maps.google.com\/maps?q=kaubaekspress%20t%C3%A4kumetsa&#038;z=15&#038;hl=et&#038;t=m&#038;output=embed&#038;iwloc=near\"\n\t\t\t\t\twidth=\"640\"\n\t\t\t\t\theight=\"250\"\n\t\t\t\t\tloading=\"lazy\"\n\t\t\t\t><\/embed>\n\t\t\t<\/div>\n\t\t\t\n\n\n<div class=\"wp-block-uagb-advanced-heading uagb-block-750dc143\"><h2 class=\"uagb-heading-text\">J\u00f5hvi<\/h2><\/div>\n\n\n\n<p class=\"has-text-align-center\">\u00d5unaaia, T\u00e4kumetsa, Toila vald, Ida-Virumaa<\/p>\n<\/div>\n<\/div><\/div>\n\n\n\n<div class=\"wp-block-uagb-advanced-heading uagb-block-c1ca99cb\"><h2 class=\"uagb-heading-text\">\u041f\u0440\u043e\u0434\u0430\u0436\u0430 \u0438 \u043e\u0431\u0441\u043b\u0443\u0436\u0438\u0432\u0430\u043d\u0438\u0435 \u043a\u043b\u0438\u0435\u043d\u0442\u043e\u0432<\/h2><div class=\"uagb-separator\"><\/div><\/div>\n\n\n\n<div class=\"wp-block-uagb-container uagb-block-5d12a168 alignfull uagb-is-root-container\"><div class=\"uagb-container-inner-blocks-wrap\">\n<div class=\"wp-block-uagb-container uagb-block-bf161ae6\">\n<div class=\"wp-block-uagb-info-box uagb-block-eb2eda73 uagb-infobox__content-wrap  uagb-infobox-icon-above-title uagb-infobox-image-valign-top\"><div class=\"uagb-ifb-content\"><div class=\"uagb-ifb-title-wrap\"><h3 class=\"uagb-ifb-title\">O\u0431\u0441\u043b\u0443\u0436\u0438\u0432\u0430\u043d\u0438\u0435 \u043a\u043b\u0438\u0435\u043d\u0442\u043e\u0432<\/h3><\/div><p class=\"uagb-ifb-desc\">info@kaubaekspress.ee<br>+372 56 220 676<\/p><\/div><\/div>\n<\/div>\n\n\n\n<div class=\"wp-block-uagb-container uagb-block-e5d2b0c3\">\n<div class=\"wp-block-uagb-info-box uagb-block-98b6a788 uagb-infobox__content-wrap  uagb-infobox-icon-above-title uagb-infobox-image-valign-top\"><div class=\"uagb-ifb-content\"><div class=\"uagb-ifb-title-wrap\"><h3 class=\"uagb-ifb-title\">Jaanus Piht<\/h3><\/div><p class=\"uagb-ifb-desc\"><strong>\u041f\u0440\u043e\u0434\u0430\u0436\u0438<\/strong><br>jaanus@kaubaekspress.ee<br>+372 50 385 86<\/p><\/div><\/div>\n<\/div>\n<\/div><\/div>\n\n\n\n<div class=\"wp-block-uagb-advanced-heading uagb-block-87ce58cc\"><h2 class=\"uagb-heading-text\">\u0410\u0434\u043c\u0438\u043d\u0438\u0441\u0442\u0440\u0430\u0446\u0438\u044f<\/h2><div class=\"uagb-separator\"><\/div><\/div>\n\n\n\n<div class=\"wp-block-uagb-container uagb-block-f89d8d97 alignfull uagb-is-root-container\"><div class=\"uagb-container-inner-blocks-wrap\">\n<div class=\"wp-block-uagb-container uagb-block-e315bdea\">\n<div class=\"wp-block-uagb-info-box uagb-block-105d5f4a uagb-infobox__content-wrap  uagb-infobox-icon-above-title uagb-infobox-image-valign-top\"><div class=\"uagb-ifb-content\"><div class=\"uagb-ifb-title-wrap\"><h3 class=\"uagb-ifb-title\">Jaanus Piht<\/h3><\/div><p class=\"uagb-ifb-desc\"><strong>\u0418\u0441\u043f\u043e\u043b\u043d\u0438\u0442\u0435\u043b\u044c\u043d\u044b\u0439 \u0434\u0438\u0440\u0435\u043a\u0442\u043e\u0440<\/strong><br><br>jaanus@kaubaekspress.ee<br>+372 5038586<\/p><\/div><\/div>\n<\/div>\n\n\n\n<div class=\"wp-block-uagb-container uagb-block-e13bbbc9\">\n<div class=\"wp-block-uagb-info-box uagb-block-6176b352 uagb-infobox__content-wrap  uagb-infobox-icon-above-title uagb-infobox-image-valign-top\"><div class=\"uagb-ifb-content\"><div class=\"uagb-ifb-title-wrap\"><h3 class=\"uagb-ifb-title\">Teele Saar<\/h3><\/div><p class=\"uagb-ifb-desc\"><strong>\u041c\u0435\u043d\u0435\u0434\u0436\u0435\u0440 \u043f\u043e \u0440\u0430\u0437\u0432\u0438\u0442\u0438\u044e<\/strong><br><br>teele@kaubaekspress.ee<br>+372 566 730 88<\/p><\/div><\/div>\n<\/div>\n\n\n\n<div class=\"wp-block-uagb-container uagb-block-6afac996\">\n<div class=\"wp-block-uagb-info-box uagb-block-c9754b09 uagb-infobox__content-wrap  uagb-infobox-icon-above-title uagb-infobox-image-valign-top\"><div class=\"uagb-ifb-content\"><div class=\"uagb-ifb-title-wrap\"><h3 class=\"uagb-ifb-title\">Elo Valter<\/h3><\/div><p class=\"uagb-ifb-desc\"><strong>A\u0441\u0441\u0438\u0441\u0442\u0435\u043d\u0442-\u0441\u043e\u0441\u0442\u0430\u0432\u0438\u0442\u0435\u043b\u044c \u0441\u0447\u0435\u0442\u043e\u0432<\/strong><br><br>elo@kaubaekspress.ee<br>+372 55 538 128<\/p><\/div><\/div>\n<\/div>\n<\/div><\/div>\n\n\n\n<div class=\"wp-block-uagb-container uagb-block-9083d78a alignfull uagb-is-root-container\"><div class=\"uagb-container-inner-blocks-wrap\">\n<div class=\"wp-block-uagb-container uagb-block-fa3434e2\">\n<div class=\"wp-block-uagb-info-box uagb-block-7d4f4020 uagb-infobox__content-wrap  uagb-infobox-icon-above-title uagb-infobox-image-valign-top\"><div class=\"uagb-ifb-content\"><div class=\"uagb-ifb-title-wrap\"><h3 class=\"uagb-ifb-title\">\u0411\u0443\u0445\u0433\u0430\u043b\u0442\u0435\u0440<\/h3><\/div><p class=\"uagb-ifb-desc\">arved@kaubaekspress.ee<\/p><\/div><\/div>\n<\/div>\n<\/div><\/div>\n\n\n\n<div class=\"wp-block-uagb-advanced-heading uagb-block-b64a0699\"><h2 class=\"uagb-heading-text\">\u0420\u0435\u043a\u0432\u0438\u0437\u0438\u0442\u044b<\/h2><div class=\"uagb-separator\"><\/div><\/div>\n\n\n\n<div class=\"wp-block-uagb-container uagb-block-d73508ac alignfull uagb-is-root-container\"><div class=\"uagb-container-inner-blocks-wrap\">\n<div class=\"wp-block-uagb-container uagb-block-68e5ad48\">\n<div class=\"wp-block-uagb-info-box uagb-block-828360a0 uagb-infobox__content-wrap  uagb-infobox-icon-above-title uagb-infobox-image-valign-top\"><div class=\"uagb-ifb-content\"><div class=\"uagb-ifb-title-wrap\"><h3 class=\"uagb-ifb-title\">Kaubaekspress O\u00dc<\/h3><\/div><p class=\"uagb-ifb-desc\">Reg. nr. 10094858<br>KMKR EE100080328<br>Reti tee 4, Peetri, Rae vald 75312 Harjumaa<\/p><\/div><\/div>\n<\/div>\n\n\n\n<div class=\"wp-block-uagb-container uagb-block-77f5031f\">\n<div class=\"wp-block-uagb-info-box uagb-block-84e2cfcc uagb-infobox__content-wrap  uagb-infobox-icon-above-title uagb-infobox-image-valign-top\"><div class=\"uagb-ifb-content\"><div class=\"uagb-ifb-title-wrap\"><h3 class=\"uagb-ifb-title\">\u041e\u0431\u0449\u0438\u0435 \u043a\u043e\u043d\u0442\u0430\u043a\u0442\u044b<\/h3><\/div><p class=\"uagb-ifb-desc\">\u042d\u043b.\u043f\u043e\u0447\u0442\u0430: info@kaubaekspress.ee<br>\u0422\u0435\u043b\u0435\u0444\u043e\u043d: +372 56 220 676<\/p><\/div><\/div>\n<\/div>\n\n\n\n<div class=\"wp-block-uagb-container uagb-block-59a5acb9\">\n<div class=\"wp-block-uagb-info-box uagb-block-14f6abc9 uagb-infobox__content-wrap  uagb-infobox-icon-above-title uagb-infobox-image-valign-top\"><div class=\"uagb-ifb-content\"><div class=\"uagb-ifb-title-wrap\"><h3 class=\"uagb-ifb-title\">\u0422\u0435\u043a\u0443\u0449\u0438\u0435 \u0441\u0447\u0435\u0442\u0430<\/h3><\/div><p class=\"uagb-ifb-desc\">Swedbank EE832200221011447758<br>SEB Pank EE591010002017776001<\/p><\/div><\/div>\n<\/div>\n<\/div><\/div>\n","protected":false},"excerpt":{"rendered":"<p>\u041e\u0442\u0434\u0435\u043b\u0435\u043d\u0438\u044f Tallinn P\u00f5ikm\u00e4e 2, T\u00e4nassilma, Harjumaa, 76406 Tartu Vinkli 3, Tartu 51014, Tartumaa P\u00e4rnu Savi 20l, P\u00e4rnu, P\u00e4rnumaa J\u00f5hvi \u00d5unaaia, T\u00e4kumetsa, Toila vald, Ida-Virumaa \u041f\u0440\u043e\u0434\u0430\u0436\u0430 \u0438 \u043e\u0431\u0441\u043b\u0443\u0436\u0438\u0432\u0430\u043d\u0438\u0435 \u043a\u043b\u0438\u0435\u043d\u0442\u043e\u0432 \u0410\u0434\u043c\u0438\u043d\u0438\u0441\u0442\u0440\u0430\u0446\u0438\u044f \u0420\u0435\u043a\u0432\u0438\u0437\u0438\u0442\u044b<\/p>\n","protected":false},"author":2,"featured_media":0,"parent":0,"menu_order":0,"comment_status":"closed","ping_status":"closed","template":"","meta":{"_uag_custom_page_level_css":"","footnotes":""},"class_list":["post-331","page","type-page","status-publish","hentry"],"blocksy_meta":[],"rankMath":{"parentDomain":"kaubaekspress.ee","noFollowDomains":[],"noFollowExcludeDomains":[],"noFollowExternalLinks":false,"featuredImageNotice":"\u041f\u043e\u043a\u0430\u0437\u0430\u043d\u043d\u043e\u0435 \u0438\u0437\u043e\u0431\u0440\u0430\u0436\u0435\u043d\u0438\u0435 \u0434\u043e\u043b\u0436\u043d\u043e \u0431\u044b\u0442\u044c \u0440\u0430\u0437\u043c\u0435\u0440\u043e\u043c \u043d\u0435 \u043c\u0435\u043d\u0435\u0435 200 \u043d\u0430 200 \u043f\u0438\u043a\u0441\u0435\u043b\u0435\u0439, \u0447\u0442\u043e\u0431\u044b \u0435\u0433\u043e \u043c\u043e\u0433\u043b\u0438 \u0443\u0432\u0438\u0434\u0435\u0442\u044c Facebook \u0438 \u0434\u0440\u0443\u0433\u0438\u0435 \u0441\u0430\u0439\u0442\u044b \u0441\u043e\u0446\u0438\u0430\u043b\u044c\u043d\u044b\u0445 \u0441\u0435\u0442\u0435\u0439.","pluginReviewed":false,"postSettings":{"linkSuggestions":true,"useFocusKeyword":false},"frontEndScore":false,"postName":"kontakt","permalinkFormat":"https:\/\/kaubaekspress.ee\/ru\/%pagename%\/","showLockModifiedDate":true,"assessor":{"focusKeywordLink":"https:\/\/kaubaekspress.ee\/wp-admin\/edit.php?focus_keyword=%focus_keyword%&post_type=%post_type%","hasTOCPlugin":false,"primaryTaxonomy":false,"serpData":{"title":"","description":"","focusKeywords":"","pillarContent":false,"canonicalUrl":"","breadcrumbTitle":"","advancedRobots":[],"facebookTitle":"","facebookDescription":"","facebookImage":"","facebookImageID":"","facebookHasOverlay":false,"facebookImageOverlay":"","facebookAuthor":"","twitterCardType":"","twitterUseFacebook":true,"twitterTitle":"","twitterDescription":"","twitterImage":"","twitterImageID":"","twitterHasOverlay":false,"twitterImageOverlay":"","twitterPlayerUrl":"","twitterPlayerSize":"","twitterPlayerStream":"","twitterPlayerStreamCtype":"","twitterAppDescription":"","twitterAppIphoneName":"","twitterAppIphoneID":"","twitterAppIphoneUrl":"","twitterAppIpadName":"","twitterAppIpadID":"","twitterAppIpadUrl":"","twitterAppGoogleplayName":"","twitterAppGoogleplayID":"","twitterAppGoogleplayUrl":"","twitterAppCountry":"","robots":{"index":true},"twitterAuthor":"\u0438\u043c\u044f \u043f\u043e\u043b\u044c\u0437\u043e\u0432\u0430\u0442\u0435\u043b\u044f","primaryTerm":0,"authorName":"teele","titleTemplate":"%title% %sep% %sitename%","descriptionTemplate":"%excerpt%","showScoreFrontend":true,"lockModifiedDate":false},"powerWords":[],"diacritics":{"A":"[\\u0410\\u0430]","B":"[\\u0411\\u0431]","V":"[\\u0412\\u0432]","G":"[\\u0413\\u0433]","D":"[\\u0414\\u0434]","YE":"[\\u0415\\u0435]","YO":"[\\u0401\\u0451]","ZH":"[\\u0416\\u0436]","Z":"[\\u0417\\u0437]","EE":"[\\u0418\\u0438]","YI":"[\\u0419\\u0439]","K":"[\\u041A\\u043A]","L":"[\\u041B\\u043B]","M":"[\\u041C\\u043c]","P":"[\\u041F\\u043F]","T":"[\\u0422\\u0442]","U":"[\\u0423\\u0443]","F":"[\\u0424\\u0444]","H":"[\\u0425\\u0445]","TS":"[\\u0426\\u0446]","CH":"[\\u0427\\u0447]","SH":"[\\u0428\\u0448\\u0429\\u0449]","I":"[\\u042B\\u044B]","E":"[\\u042D\\u044D]","YU":"[\\u042E\\u044E]","YA":"[\\u042F\\u044F]","N":"[\\u041D\\u043D]"},"researchesTests":["contentHasTOC","contentHasShortParagraphs","contentHasAssets","keywordInTitle","keywordInMetaDescription","keywordInPermalink","keywordIn10Percent","keywordInContent","keywordInSubheadings","keywordInImageAlt","keywordDensity","keywordNotUsed","lengthContent","lengthPermalink","linksHasInternal","linksHasExternals","linksNotAllExternals","titleStartWithKeyword","titleSentiment","titleHasPowerWords","titleHasNumber","hasContentAI"],"hasRedirection":false,"hasBreadcrumb":true},"homeUrl":"https:\/\/kaubaekspress.ee\/ru\/","objectID":331,"objectType":"post","locale":"ru","localeFull":"ru_RU","overlayImages":{"play":{"name":"Play \u0438\u043a\u043e\u043d\u043a\u0430","url":"https:\/\/kaubaekspress.ee\/wp-content\/plugins\/seo-by-rank-math\/assets\/admin\/img\/icon-play.png","path":"\/data03\/virt18644\/domeenid\/www.kaubaekspress.ee\/htdocs\/wp-content\/plugins\/seo-by-rank-math\/assets\/admin\/img\/icon-play.png","position":"middle_center"},"gif":{"name":"GIF \u0438\u043a\u043e\u043d\u043a\u0430","url":"https:\/\/kaubaekspress.ee\/wp-content\/plugins\/seo-by-rank-math\/assets\/admin\/img\/icon-gif.png","path":"\/data03\/virt18644\/domeenid\/www.kaubaekspress.ee\/htdocs\/wp-content\/plugins\/seo-by-rank-math\/assets\/admin\/img\/icon-gif.png","position":"middle_center"}},"defautOgImage":"https:\/\/kaubaekspress.ee\/wp-content\/uploads\/2025\/02\/avaleht.jpeg","customPermalinks":true,"isUserRegistered":false,"autoSuggestKeywords":false,"connectSiteUrl":"https:\/\/rankmath.com\/auth?site=https%3A%2F%2Fkaubaekspress.ee%2Fru%2F&r=https%3A%2F%2Fkaubaekspress.ee%2Fru%2Fwp-json%2Fwp%2Fv2%2Fpages%2F331%3Fnonce%3D63c7455e44","maxTags":5,"trendsIcon":"<svg viewBox=\"0 0 610 610\"><path d=\"M18.85,446,174.32,290.48l58.08,58.08L76.93,504a14.54,14.54,0,0,1-20.55,0L18.83,466.48a14.54,14.54,0,0,1,0-20.55Z\" style=\"fill:#4285f4\"\/><path d=\"M242.65,242.66,377.59,377.6l-47.75,47.75a14.54,14.54,0,0,1-20.55,0L174.37,290.43l47.75-47.75A14.52,14.52,0,0,1,242.65,242.66Z\" style=\"fill:#ea4335\"\/><polygon points=\"319.53 319.53 479.26 159.8 537.34 217.88 377.61 377.62 319.53 319.53\" style=\"fill:#fabb05\"\/><path d=\"M594.26,262.73V118.61h0a16.94,16.94,0,0,0-16.94-16.94H433.2a16.94,16.94,0,0,0-12,28.92L565.34,274.71h0a16.94,16.94,0,0,0,28.92-12Z\" style=\"fill:#34a853\"\/><rect width=\"610\" height=\"610\" style=\"fill:none\"\/><\/svg>","showScore":true,"siteFavIcon":"https:\/\/kaubaekspress.ee\/wp-content\/uploads\/2025\/02\/favicon.png","canUser":{"general":false,"advanced":false,"snippet":false,"social":false,"analysis":false,"analytics":false,"content_ai":false},"isPro":false,"is_front_page":false,"trendsUpgradeLink":"https:\/\/rankmath.com\/pricing\/?utm_source=Plugin&utm_medium=CE%20General%20Tab%20Trends&utm_campaign=WP","trendsUpgradeLabel":"\u0410\u043f\u0433\u0440\u0435\u0439\u0434","trendsPreviewImage":"https:\/\/kaubaekspress.ee\/wp-content\/plugins\/seo-by-rank-math\/assets\/admin\/img\/trends-preview.jpg","currentEditor":false,"homepageData":{"assessor":{"powerWords":[],"diacritics":true,"researchesTests":["contentHasTOC","contentHasShortParagraphs","contentHasAssets","keywordInTitle","keywordInMetaDescription","keywordInPermalink","keywordIn10Percent","keywordInContent","keywordInSubheadings","keywordInImageAlt","keywordDensity","keywordNotUsed","lengthContent","lengthPermalink","linksHasInternal","linksHasExternals","linksNotAllExternals","titleStartWithKeyword","titleSentiment","titleHasPowerWords","titleHasNumber","hasContentAI"],"hasBreadcrumb":true,"serpData":{"title":"%sitename% %page% %sep% %sitedesc%","description":"","titleTemplate":"%sitename% %page% %sep% %sitedesc%","descriptionTemplate":"","focusKeywords":"","breadcrumbTitle":"Home","robots":{"index":true},"advancedRobots":[],"facebookTitle":"","facebookDescription":"","facebookImage":"","facebookImageID":""}}},"tocTitle":"Table of Contents","tocExcludeHeadings":[],"listStyle":"ul"},"uagb_featured_image_src":{"full":false,"thumbnail":false,"medium":false,"medium_large":false,"large":false,"1536x1536":false,"2048x2048":false},"uagb_author_info":{"display_name":"teele","author_link":"https:\/\/kaubaekspress.ee\/ru\/author\/teele\/"},"uagb_comment_info":0,"uagb_excerpt":"\u041e\u0442\u0434\u0435\u043b\u0435\u043d\u0438\u044f Tallinn P\u00f5ikm\u00e4e 2, T\u00e4nassilma, Harjumaa, 76406 Tartu Vinkli 3, Tartu 51014, Tartumaa P\u00e4rnu Savi 20l, P\u00e4rnu, P\u00e4rnumaa J\u00f5hvi \u00d5unaaia, T\u00e4kumetsa, Toila vald, Ida-Virumaa \u041f\u0440\u043e\u0434\u0430\u0436\u0430 \u0438 \u043e\u0431\u0441\u043b\u0443\u0436\u0438\u0432\u0430\u043d\u0438\u0435 \u043a\u043b\u0438\u0435\u043d\u0442\u043e\u0432 \u0410\u0434\u043c\u0438\u043d\u0438\u0441\u0442\u0440\u0430\u0446\u0438\u044f \u0420\u0435\u043a\u0432\u0438\u0437\u0438\u0442\u044b","_links":{"self":[{"href":"https:\/\/kaubaekspress.ee\/ru\/wp-json\/wp\/v2\/pages\/331","targetHints":{"allow":["GET"]}}],"collection":[{"href":"https:\/\/kaubaekspress.ee\/ru\/wp-json\/wp\/v2\/pages"}],"about":[{"href":"https:\/\/kaubaekspress.ee\/ru\/wp-json\/wp\/v2\/types\/page"}],"author":[{"embeddable":true,"href":"https:\/\/kaubaekspress.ee\/ru\/wp-json\/wp\/v2\/users\/2"}],"replies":[{"embeddable":true,"href":"https:\/\/kaubaekspress.ee\/ru\/wp-json\/wp\/v2\/comments?post=331"}],"version-history":[{"count":2,"href":"https:\/\/kaubaekspress.ee\/ru\/wp-json\/wp\/v2\/pages\/331\/revisions"}],"predecessor-version":[{"id":1664,"href":"https:\/\/kaubaekspress.ee\/ru\/wp-json\/wp\/v2\/pages\/331\/revisions\/1664"}],"wp:attachment":[{"href":"https:\/\/kaubaekspress.ee\/ru\/wp-json\/wp\/v2\/media?parent=331"}],"curies":[{"name":"wp","href":"https:\/\/api.w.org\/{rel}","templated":true}]}}